{"id":2948,"date":"2022-12-23T13:33:17","date_gmt":"2022-12-23T13:33:17","guid":{"rendered":"https:\/\/windwardyachtservices.com\/aviso-legal"},"modified":"2022-12-23T13:33:17","modified_gmt":"2022-12-23T13:33:17","slug":"aviso-legal","status":"publish","type":"page","link":"https:\/\/windwardyachtservices.com\/en\/aviso-legal","title":{"rendered":"Aviso Legal"},"content":{"rendered":"\t\t<div data-elementor-type=\"wp-page\" data-elementor-id=\"2948\" class=\"elementor elementor-2948 elementor-1360\" data-elementor-post-type=\"page\">\n\t\t\t\t\t\t<section class=\"elementor-section elementor-top-section elementor-element elementor-element-89c099c elementor-section-boxed elementor-section-height-default elementor-section-height-default\" data-id=\"89c099c\" data-element_type=\"section\" data-settings=\"{&quot;jet_parallax_layout_list&quot;:[]}\">\n\t\t\t\t\t\t<div class=\"elementor-container elementor-column-gap-default\">\n\t\t\t\t\t<div class=\"elementor-column elementor-col-100 elementor-top-column elementor-element elementor-element-aafb205\" data-id=\"aafb205\" data-element_type=\"column\">\n\t\t\t<div class=\"elementor-widget-wrap elementor-element-populated\">\n\t\t\t\t\t\t<div class=\"elementor-element elementor-element-7b0f282 elementor-widget elementor-widget-heading\" data-id=\"7b0f282\" data-element_type=\"widget\" data-widget_type=\"heading.default\">\n\t\t\t\t<div class=\"elementor-widget-container\">\n\t\t\t<h2 class=\"elementor-heading-title elementor-size-default\">Aviso Legal<\/h2>\t\t<\/div>\n\t\t\t\t<\/div>\n\t\t\t\t<div class=\"elementor-element elementor-element-bc194c3 elementor-widget-divider--view-line elementor-widget elementor-widget-divider\" data-id=\"bc194c3\" data-element_type=\"widget\" data-widget_type=\"divider.default\">\n\t\t\t\t<div class=\"elementor-widget-container\">\n\t\t\t\t\t<div class=\"elementor-divider\">\n\t\t\t<span class=\"elementor-divider-separator\">\n\t\t\t\t\t\t<\/span>\n\t\t<\/div>\n\t\t\t\t<\/div>\n\t\t\t\t<\/div>\n\t\t\t\t<div class=\"elementor-element elementor-element-0c42b12 elementor-widget elementor-widget-text-editor\" data-id=\"0c42b12\" data-element_type=\"widget\" data-widget_type=\"text-editor.default\">\n\t\t\t\t<div class=\"elementor-widget-container\">\n\t\t\t\t\t\t\t<p>El presente aviso legal (en adelante, el \u201caviso legal\u201d) regula el uso del servicio del portal de Internet\u00a0www.windwardyachtservices.com\u00a0(en adelante, la \u201cWeb\u201d) de WINDWARD YACHTS SERVICES, S.L. con domicilio social en CALLE SANT PERE 41, 03590 ALTEA, ALICANTE y CIF B42616466<\/p><p><strong>Legislaci\u00f3n<\/strong><\/p><p>Con car\u00e1cter general las relaciones entre WINDWARD YACHTS SERVICES, S.L. con los usuarios de sus servicios telem\u00e1ticos, presentes en la web, se encuentran sometidas a la legislaci\u00f3n y jurisdicci\u00f3n espa\u00f1olas.<\/p><p>Las partes renuncian expresamente al fuero que les pudiera corresponder y someten expresamente a los Juzgados y Tribunales de Madrid, para resolver cualquier controversia que pueda surgir en la interpretaci\u00f3n o ejecuci\u00f3n de las presentes condiciones contractuales.<\/p><p><strong>Contenido y uso<\/strong><\/p><p>El usuario queda informado, y acepta, que el acceso a la presente web no supone, en modo alguno, el inicio de una relaci\u00f3n comercial con WINDWARD YACHTS SERVICES, S.L.<\/p><p>El titular del web no se identifica con las opiniones vertidas en el mismo por sus colaboradores. La empresa se reserva el derecho de efectuar sin previo aviso las modificaciones que considere oportunas en su Web, pudiendo cambiar, suprimir o a\u00f1adir tanto los contenidos y servicios que se presten a trav\u00e9s de la misma como la forma en la que \u00e9stos aparezcan presentados o localizados en sus servidores.<\/p><p><strong>Propiedad intelectual e industrial<\/strong><\/p><p>Los derechos de propiedad intelectual del contenido de las p\u00e1ginas web, su dise\u00f1o gr\u00e1fico y c\u00f3digos son titularidad de WINDWARD YACHTS SERVICES, S.L. y, por tanto, queda prohibida su reproducci\u00f3n, distribuci\u00f3n, comunicaci\u00f3n p\u00fablica, transformaci\u00f3n o cualquier otra actividad que se pueda realizar con los contenidos de sus p\u00e1ginas web ni aunque se citen las fuentes, salvo consentimiento por escrito de WINDWARD YACHTS SERVICES, S.L. Todos los nombres comerciales, marcas o signos distintos de cualquier clase contenidos en las p\u00e1ginas web de la empresa son propiedad de sus due\u00f1os y est\u00e1n protegidos por ley.<\/p><p><strong>Enlaces (links)<\/strong><\/p><p>La presencia de enlaces (links) en las p\u00e1ginas web de WINDWARD YACHTS SERVICES, S.L. tienen finalidad meramente informativa y en ning\u00fan caso suponen sugerencia, invitaci\u00f3n o recomendaci\u00f3n sobre los mismos.<\/p>\t\t\t\t\t\t<\/div>\n\t\t\t\t<\/div>\n\t\t\t\t\t<\/div>\n\t\t<\/div>\n\t\t\t\t\t<\/div>\n\t\t<\/section>\n\t\t\t\t<\/div>\n\t\t","protected":false},"excerpt":{"rendered":"<p>Aviso Legal El presente aviso legal (en adelante, el \u201caviso legal\u201d) regula el uso del servicio del portal de Internet\u00a0www.windwardyachtservices.com\u00a0(en adelante, la \u201cWeb\u201d) de WINDWARD YACHTS SERVICES, S.L. con domicilio social en CALLE SANT PERE 41, 03590 ALTEA, ALICANTE y CIF B42616466 Legislaci\u00f3n Con car\u00e1cter general las relaciones entre WINDWARD YACHTS SERVICES, S.L. con los [&hellip;]<\/p>\n","protected":false},"author":1,"featured_media":0,"parent":0,"menu_order":0,"comment_status":"closed","ping_status":"closed","template":"","meta":{"_joinchat":[],"footnotes":""},"class_list":["post-2948","page","type-page","status-publish","hentry"],"yoast_head":"<!-- This site is optimized with the Yoast SEO plugin v23.8 - https:\/\/yoast.com\/wordpress\/plugins\/seo\/ -->\n<title>Aviso Legal - Windward Yachts Services<\/title>\n<meta name=\"robots\" content=\"index, follow, max-snippet:-1, max-image-preview:large, max-video-preview:-1\" \/>\n<link rel=\"canonical\" href=\"https:\/\/windwardyachtservices.com\/en\/aviso-legal\" \/>\n<meta property=\"og:locale\" content=\"en_US\" \/>\n<meta property=\"og:type\" content=\"article\" \/>\n<meta property=\"og:title\" content=\"Aviso Legal - Windward Yachts Services\" \/>\n<meta property=\"og:description\" content=\"Aviso Legal El presente aviso legal (en adelante, el \u201caviso legal\u201d) regula el uso del servicio del portal de Internet\u00a0www.windwardyachtservices.com\u00a0(en adelante, la \u201cWeb\u201d) de WINDWARD YACHTS SERVICES, S.L. con domicilio social en CALLE SANT PERE 41, 03590 ALTEA, ALICANTE y CIF B42616466 Legislaci\u00f3n Con car\u00e1cter general las relaciones entre WINDWARD YACHTS SERVICES, S.L. con los [&hellip;]\" \/>\n<meta property=\"og:url\" content=\"https:\/\/windwardyachtservices.com\/en\/aviso-legal\" \/>\n<meta property=\"og:site_name\" content=\"Windward Yachts Services\" \/>\n<meta name=\"twitter:card\" content=\"summary_large_image\" \/>\n<meta name=\"twitter:label1\" content=\"Est. reading time\" \/>\n\t<meta name=\"twitter:data1\" content=\"2 minutes\" \/>\n<script type=\"application\/ld+json\" class=\"yoast-schema-graph\">{\"@context\":\"https:\/\/schema.org\",\"@graph\":[{\"@type\":\"WebPage\",\"@id\":\"https:\/\/windwardyachtservices.com\/en\/aviso-legal\",\"url\":\"https:\/\/windwardyachtservices.com\/en\/aviso-legal\",\"name\":\"Aviso Legal - Windward Yachts Services\",\"isPartOf\":{\"@id\":\"https:\/\/windwardyachtservices.com\/#website\"},\"datePublished\":\"2022-12-23T13:33:17+00:00\",\"dateModified\":\"2022-12-23T13:33:17+00:00\",\"breadcrumb\":{\"@id\":\"https:\/\/windwardyachtservices.com\/en\/aviso-legal#breadcrumb\"},\"inLanguage\":\"en-US\",\"potentialAction\":[{\"@type\":\"ReadAction\",\"target\":[\"https:\/\/windwardyachtservices.com\/en\/aviso-legal\"]}]},{\"@type\":\"BreadcrumbList\",\"@id\":\"https:\/\/windwardyachtservices.com\/en\/aviso-legal#breadcrumb\",\"itemListElement\":[{\"@type\":\"ListItem\",\"position\":1,\"name\":\"Portada\",\"item\":\"https:\/\/windwardyachtservices.com\/\"},{\"@type\":\"ListItem\",\"position\":2,\"name\":\"Aviso Legal\"}]},{\"@type\":\"WebSite\",\"@id\":\"https:\/\/windwardyachtservices.com\/#website\",\"url\":\"https:\/\/windwardyachtservices.com\/\",\"name\":\"Windward Yachts Services\",\"description\":\"\",\"publisher\":{\"@id\":\"https:\/\/windwardyachtservices.com\/#organization\"},\"potentialAction\":[{\"@type\":\"SearchAction\",\"target\":{\"@type\":\"EntryPoint\",\"urlTemplate\":\"https:\/\/windwardyachtservices.com\/?s={search_term_string}\"},\"query-input\":{\"@type\":\"PropertyValueSpecification\",\"valueRequired\":true,\"valueName\":\"search_term_string\"}}],\"inLanguage\":\"en-US\"},{\"@type\":\"Organization\",\"@id\":\"https:\/\/windwardyachtservices.com\/#organization\",\"name\":\"Windward Yachts Services\",\"url\":\"https:\/\/windwardyachtservices.com\/\",\"logo\":{\"@type\":\"ImageObject\",\"inLanguage\":\"en-US\",\"@id\":\"https:\/\/windwardyachtservices.com\/#\/schema\/logo\/image\/\",\"url\":\"https:\/\/windwardyachtservices.com\/wp-content\/uploads\/2021\/10\/cropped-logo-windward-01-2.png\",\"contentUrl\":\"https:\/\/windwardyachtservices.com\/wp-content\/uploads\/2021\/10\/cropped-logo-windward-01-2.png\",\"width\":390,\"height\":151,\"caption\":\"Windward Yachts Services\"},\"image\":{\"@id\":\"https:\/\/windwardyachtservices.com\/#\/schema\/logo\/image\/\"}}]}<\/script>\n<!-- \/ Yoast SEO plugin. -->","yoast_head_json":{"title":"Aviso Legal - Windward Yachts Services","robots":{"index":"index","follow":"follow","max-snippet":"max-snippet:-1","max-image-preview":"max-image-preview:large","max-video-preview":"max-video-preview:-1"},"canonical":"https:\/\/windwardyachtservices.com\/en\/aviso-legal","og_locale":"en_US","og_type":"article","og_title":"Aviso Legal - Windward Yachts Services","og_description":"Aviso Legal El presente aviso legal (en adelante, el \u201caviso legal\u201d) regula el uso del servicio del portal de Internet\u00a0www.windwardyachtservices.com\u00a0(en adelante, la \u201cWeb\u201d) de WINDWARD YACHTS SERVICES, S.L. con domicilio social en CALLE SANT PERE 41, 03590 ALTEA, ALICANTE y CIF B42616466 Legislaci\u00f3n Con car\u00e1cter general las relaciones entre WINDWARD YACHTS SERVICES, S.L. con los [&hellip;]","og_url":"https:\/\/windwardyachtservices.com\/en\/aviso-legal","og_site_name":"Windward Yachts Services","twitter_card":"summary_large_image","twitter_misc":{"Est. reading time":"2 minutes"},"schema":{"@context":"https:\/\/schema.org","@graph":[{"@type":"WebPage","@id":"https:\/\/windwardyachtservices.com\/en\/aviso-legal","url":"https:\/\/windwardyachtservices.com\/en\/aviso-legal","name":"Aviso Legal - Windward Yachts Services","isPartOf":{"@id":"https:\/\/windwardyachtservices.com\/#website"},"datePublished":"2022-12-23T13:33:17+00:00","dateModified":"2022-12-23T13:33:17+00:00","breadcrumb":{"@id":"https:\/\/windwardyachtservices.com\/en\/aviso-legal#breadcrumb"},"inLanguage":"en-US","potentialAction":[{"@type":"ReadAction","target":["https:\/\/windwardyachtservices.com\/en\/aviso-legal"]}]},{"@type":"BreadcrumbList","@id":"https:\/\/windwardyachtservices.com\/en\/aviso-legal#breadcrumb","itemListElement":[{"@type":"ListItem","position":1,"name":"Portada","item":"https:\/\/windwardyachtservices.com\/"},{"@type":"ListItem","position":2,"name":"Aviso Legal"}]},{"@type":"WebSite","@id":"https:\/\/windwardyachtservices.com\/#website","url":"https:\/\/windwardyachtservices.com\/","name":"Windward Yachts Services","description":"","publisher":{"@id":"https:\/\/windwardyachtservices.com\/#organization"},"potentialAction":[{"@type":"SearchAction","target":{"@type":"EntryPoint","urlTemplate":"https:\/\/windwardyachtservices.com\/?s={search_term_string}"},"query-input":{"@type":"PropertyValueSpecification","valueRequired":true,"valueName":"search_term_string"}}],"inLanguage":"en-US"},{"@type":"Organization","@id":"https:\/\/windwardyachtservices.com\/#organization","name":"Windward Yachts Services","url":"https:\/\/windwardyachtservices.com\/","logo":{"@type":"ImageObject","inLanguage":"en-US","@id":"https:\/\/windwardyachtservices.com\/#\/schema\/logo\/image\/","url":"https:\/\/windwardyachtservices.com\/wp-content\/uploads\/2021\/10\/cropped-logo-windward-01-2.png","contentUrl":"https:\/\/windwardyachtservices.com\/wp-content\/uploads\/2021\/10\/cropped-logo-windward-01-2.png","width":390,"height":151,"caption":"Windward Yachts Services"},"image":{"@id":"https:\/\/windwardyachtservices.com\/#\/schema\/logo\/image\/"}}]}},"_links":{"self":[{"href":"https:\/\/windwardyachtservices.com\/en\/wp-json\/wp\/v2\/pages\/2948","targetHints":{"allow":["GET"]}}],"collection":[{"href":"https:\/\/windwardyachtservices.com\/en\/wp-json\/wp\/v2\/pages"}],"about":[{"href":"https:\/\/windwardyachtservices.com\/en\/wp-json\/wp\/v2\/types\/page"}],"author":[{"embeddable":true,"href":"https:\/\/windwardyachtservices.com\/en\/wp-json\/wp\/v2\/users\/1"}],"replies":[{"embeddable":true,"href":"https:\/\/windwardyachtservices.com\/en\/wp-json\/wp\/v2\/comments?post=2948"}],"version-history":[{"count":0,"href":"https:\/\/windwardyachtservices.com\/en\/wp-json\/wp\/v2\/pages\/2948\/revisions"}],"wp:attachment":[{"href":"https:\/\/windwardyachtservices.com\/en\/wp-json\/wp\/v2\/media?parent=2948"}],"curies":[{"name":"wp","href":"https:\/\/api.w.org\/{rel}","templated":true}]}}